{"id":32887,"date":"2026-03-23T17:22:00","date_gmt":"2026-03-23T16:22:00","guid":{"rendered":"https:\/\/gosafe.rs\/?post_type=product&#038;p=32887"},"modified":"2026-03-23T17:38:49","modified_gmt":"2026-03-23T16:38:49","slug":"cd886-wx2-stretch-radne-pantalone","status":"publish","type":"product","link":"https:\/\/gosafe.rs\/en\/proizvod\/cd886-wx2-stretch-radne-pantalone\/","title":{"rendered":"CD886 &#8211; WX2 Stretch radne pantalone"},"content":{"rendered":"<ul>\n<li>Materijal koji se iste\u017ee u 4 pravca radi lako\u0107e pokreta i udobnosti<\/li>\n<li>Oja\u010dani paneli na mestima ve\u0107eg optere\u0107enja za maksimalnu izdr\u017eljivost<\/li>\n<li>Unapred oblikovana kolena omogu\u0107avaju pove\u0107anu slobodu pokreta<\/li>\n<li>4 d\u017eepa za obimno skladi\u0161tenje<\/li>\n<li>1 zadnji d\u017eep sa rajsfer\u0161lusom<\/li>\n<li>1 d\u017eep na butini sa zatvaranjem pomo\u0107u rajsfer\u0161lusa<\/li>\n<li>2 bo\u010dna d\u017eepa<\/li>\n<li>Slim fit dizajn za izuzetnu udobnost<\/li>\n<li>Podesiv porub &#8211; normalna do duga\u010dka nogavica<\/li>\n<li>Bo\u010dni lasti\u0161i u struku za odli\u010dnu udobnost<\/li>\n<li>Lagano radi ve\u0107e udobnosti korisnika<\/li>\n<li>Nemagnetno &#8211; bez nikla i gvo\u017e\u0111a<\/li>\n<li>Materijal sa UPF 40+ ocenom blokira 98% UV zraka<\/li>\n<\/ul>\n","protected":false},"excerpt":{"rendered":"<p>&nbsp;<\/p>\n<p><strong>4 d\u017eepa omogu\u0107avaju odli\u010dno odlaganje bez pove\u0107anja obima pantalona. Elastin u bokovima i rastezljivost u 4 pravca pru\u017eaju vrhunsku udobnost i pogodnost ovim radnim pantalonama i sve to od recikliranog poliestera.<\/strong><\/p>\n<p>&nbsp;<\/p>\n<div class=\"std_titles\"><strong>Spoljni materijal :<\/strong><\/div>\n<div><strong>Kingsmill Poliester Stretch Eco: 93% reciklirani poliester, 7% elastin 195g<\/strong><\/div>\n<div class=\"std_titles\"><strong>Kontrastni materijal :<\/strong><\/div>\n<div><strong>Kingsmill Polyester Stretch: 95% Poliester, 5% elastin<\/strong><\/div>\n","protected":false},"featured_media":32888,"comment_status":"closed","ping_status":"closed","template":"","meta":{"_crdt_document":""},"product_brand":[],"product_cat":[156,154],"product_tag":[],"class_list":{"0":"post-32887","1":"product","2":"type-product","3":"status-publish","4":"has-post-thumbnail","6":"product_cat-radne-pantalone","7":"product_cat-zastitna-odeca","8":"pa_boja-crna","9":"pa_boja-crvena","10":"pa_boja-siva","12":"first","13":"outofstock","14":"taxable","15":"shipping-taxable","16":"purchasable","17":"product-type-variable","18":"has-default-attributes"},"_links":{"self":[{"href":"https:\/\/gosafe.rs\/en\/wp-json\/wp\/v2\/product\/32887","targetHints":{"allow":["GET"]}}],"collection":[{"href":"https:\/\/gosafe.rs\/en\/wp-json\/wp\/v2\/product"}],"about":[{"href":"https:\/\/gosafe.rs\/en\/wp-json\/wp\/v2\/types\/product"}],"replies":[{"embeddable":true,"href":"https:\/\/gosafe.rs\/en\/wp-json\/wp\/v2\/comments?post=32887"}],"version-history":[{"count":2,"href":"https:\/\/gosafe.rs\/en\/wp-json\/wp\/v2\/product\/32887\/revisions"}],"predecessor-version":[{"id":32923,"href":"https:\/\/gosafe.rs\/en\/wp-json\/wp\/v2\/product\/32887\/revisions\/32923"}],"wp:featuredmedia":[{"embeddable":true,"href":"https:\/\/gosafe.rs\/en\/wp-json\/wp\/v2\/media\/32888"}],"wp:attachment":[{"href":"https:\/\/gosafe.rs\/en\/wp-json\/wp\/v2\/media?parent=32887"}],"wp:term":[{"taxonomy":"product_brand","embeddable":true,"href":"https:\/\/gosafe.rs\/en\/wp-json\/wp\/v2\/product_brand?post=32887"},{"taxonomy":"product_cat","embeddable":true,"href":"https:\/\/gosafe.rs\/en\/wp-json\/wp\/v2\/product_cat?post=32887"},{"taxonomy":"product_tag","embeddable":true,"href":"https:\/\/gosafe.rs\/en\/wp-json\/wp\/v2\/product_tag?post=32887"}],"curies":[{"name":"wp","href":"https:\/\/api.w.org\/{rel}","templated":true}]}}