{"id":639,"date":"2024-06-20T07:30:50","date_gmt":"2024-06-20T07:30:50","guid":{"rendered":"https:\/\/gosafe.rs\/?post_type=product&#038;p=639"},"modified":"2026-03-23T11:38:22","modified_gmt":"2026-03-23T10:38:22","slug":"zastitna-maska-gvs-spr406-spr407-elipse-p3-nuisance-filter","status":"publish","type":"product","link":"https:\/\/gosafe.rs\/en\/proizvod\/zastitna-maska-gvs-spr406-spr407-elipse-p3-nuisance-filter\/","title":{"rendered":"GVS SPR405 \/ SPR404 Elipse Integra Maska sa vizirom sa P3 Nuisance Odour filterima za pra\u0161inu, paru, maglu i neprijatne mirise"},"content":{"rendered":"<div class=\"flex flex-grow flex-col max-w-full\">\n<div class=\"min-h-[20px] text-message flex flex-col items-start whitespace-pre-wrap break-words [.text-message+&amp;]:mt-5 juice:w-full juice:items-end overflow-x-auto gap-2\" dir=\"auto\" data-message-author-role=\"assistant\" data-message-id=\"6bb2b68c-275b-4bdd-8535-9b04217b5c01\">\n<div class=\"flex w-full flex-col gap-1 juice:empty:hidden juice:first:pt-[3px]\">\n<div class=\"markdown prose w-full break-words dark:prose-invert light\">\n<h3>Opis<\/h3>\n<p>Veliki centralni nepovratni ventil za izdah smanjuje otpor disanju za korisnika i minimizira nakupljanje vlage unutar maske. Laka, neklizaju\u0107a traka se lako pode\u0161ava u 4 pozicije za pobolj\u0161anu udobnost i omogu\u0107ava sigurnu upotrebu \u010dak i u uslovima visoke vla\u017enosti ili vlage. Elipse\u00ae Integra dolazi u 2 veli\u010dine<\/p>\n<h3>Primena<\/h3>\n<h4>Tip za\u0161tite<\/h4>\n<p>Organski gasovi i pare sa ta\u010dkom klju\u010danja iznad 65\u00b0C<\/p>\n<p>Neorganski gasovi i pare (isklju\u010duju\u0107i ugljen-monoksid)<\/p>\n<p>Sumpor-dioksid i drugi kiseli gasovi i pare<\/p>\n<p>Amonijak i organski derivati amonijaka<\/p>\n<p>Odre\u0111eni organski gasovi i pare sa ta\u010dkom klju\u010danja \u2264 65\u00b0C. Samo za jednokratnu upotrebu.<\/p>\n<h3>Svojstva za\u0161tite<\/h3>\n<p>So\u010divo je izra\u0111eno od polikarbonata i mo\u017ee izdr\u017eati udarce brzine do 120 m\/s. Naneta prevlaka zadovoljava (N) Anti Fog i nadma\u0161uje standardnu (K) protiv ogrebotina dostupnu na tr\u017ei\u0161tu za du\u017eu trajnost. Elipse Integra je kompatibilna sa trenutnim asortimanom Elipse\u00ae filtera.<\/p>\n<p>\u010dak i u uslovima visoke vla\u017enosti ili vlage. Elipse\u00ae Integra dolazi u 2 veli\u010dine.<\/p>\n<h3>Trajanje<\/h3>\n<p>Filteri su identi\u010dni Elipse\u00ae asortimanu i slede iste kriterijume za trajanje. Filteri se mogu koristiti i za Elipse\u00ae i za Integra asortiman.<\/p>\n<h3>Materijali:<\/h3>\n<p>Materijali koji se koriste za maske i filtere su hipoalergeni, bez mirisa, kompatibilni sa FDA standardima i bez lateksa ili silikona.<\/p>\n<p>Maska: Medicinski TPE (bez silikona).<\/p>\n<p>So\u010divo za\u0161titnih nao\u010dara: Polikarbonat sa slojem protiv ogrebotina i zamagljivanja.<\/p>\n<p>Zaptivka za lice za\u0161titnih nao\u010dara: Medicinski TPE (bez silikona).<\/p>\n<\/div>\n<\/div>\n<\/div>\n<\/div>\n","protected":false},"excerpt":{"rendered":"<p>Kompaktan, lagan i fleksibilan dizajn koji se savr\u0161eno prilago\u0111ava licu i nudi jedinstvenu i inovativnu kombinovanu za\u0161titu, smanjuju\u0107i rizik od nekompatibilnosti, nesukladnosti i nakupljanja magle.<\/p>\n","protected":false},"featured_media":918,"comment_status":"open","ping_status":"closed","template":"","meta":{"_crdt_document":""},"product_brand":[],"product_cat":[58,31,26],"product_tag":[],"class_list":{"0":"post-639","1":"product","2":"type-product","3":"status-publish","4":"has-post-thumbnail","6":"product_cat-maska-sa-integrisanim-zastitnim-naocarima","7":"product_cat-maske","8":"product_cat-respiratorna-zastita","9":"pa_brend-gvs","10":"pa_tip-zastite-p3","12":"first","13":"instock","14":"taxable","15":"shipping-taxable","16":"purchasable","17":"product-type-variable"},"_links":{"self":[{"href":"https:\/\/gosafe.rs\/en\/wp-json\/wp\/v2\/product\/639","targetHints":{"allow":["GET"]}}],"collection":[{"href":"https:\/\/gosafe.rs\/en\/wp-json\/wp\/v2\/product"}],"about":[{"href":"https:\/\/gosafe.rs\/en\/wp-json\/wp\/v2\/types\/product"}],"replies":[{"embeddable":true,"href":"https:\/\/gosafe.rs\/en\/wp-json\/wp\/v2\/comments?post=639"}],"version-history":[{"count":12,"href":"https:\/\/gosafe.rs\/en\/wp-json\/wp\/v2\/product\/639\/revisions"}],"predecessor-version":[{"id":32886,"href":"https:\/\/gosafe.rs\/en\/wp-json\/wp\/v2\/product\/639\/revisions\/32886"}],"wp:featuredmedia":[{"embeddable":true,"href":"https:\/\/gosafe.rs\/en\/wp-json\/wp\/v2\/media\/918"}],"wp:attachment":[{"href":"https:\/\/gosafe.rs\/en\/wp-json\/wp\/v2\/media?parent=639"}],"wp:term":[{"taxonomy":"product_brand","embeddable":true,"href":"https:\/\/gosafe.rs\/en\/wp-json\/wp\/v2\/product_brand?post=639"},{"taxonomy":"product_cat","embeddable":true,"href":"https:\/\/gosafe.rs\/en\/wp-json\/wp\/v2\/product_cat?post=639"},{"taxonomy":"product_tag","embeddable":true,"href":"https:\/\/gosafe.rs\/en\/wp-json\/wp\/v2\/product_tag?post=639"}],"curies":[{"name":"wp","href":"https:\/\/api.w.org\/{rel}","templated":true}]}}