{"id":725,"date":"2024-07-03T08:14:53","date_gmt":"2024-07-03T08:14:53","guid":{"rendered":"https:\/\/gosafe.rs\/?post_type=product&#038;p=725"},"modified":"2026-02-16T21:16:01","modified_gmt":"2026-02-16T20:16:01","slug":"zastitna-maska-gvs-spr337-spr502-elipse-p3-filter","status":"publish","type":"product","link":"https:\/\/gosafe.rs\/en\/proizvod\/zastitna-maska-gvs-spr337-spr502-elipse-p3-filter\/","title":{"rendered":"GVS SPR337 \/ SPR502 Elipse za\u0161titna maska za lice &#8211; P3 Nuisance Odour HESPA\u2122 filter za pra\u0161inu, paru i maglu"},"content":{"rendered":"\t\t<div data-elementor-type=\"product-post\" data-elementor-id=\"725\" class=\"elementor elementor-725\" data-elementor-post-type=\"product\">\n\t\t\t\t<div class=\"wd-negative-gap elementor-element elementor-element-16fa909c e-flex e-con-boxed e-con e-parent\" data-id=\"16fa909c\" data-element_type=\"container\" data-e-type=\"container\">\n\t\t\t\t\t<div class=\"e-con-inner\">\n\t\t\t\t<div class=\"elementor-element elementor-element-27014015 color-scheme-inherit text-left elementor-widget elementor-widget-text-editor\" data-id=\"27014015\" data-element_type=\"widget\" data-e-type=\"widget\" data-widget_type=\"text-editor.default\">\n\t\t\t\t<div class=\"elementor-widget-container\">\n\t\t\t\t\t\t\t\t\t<p>Veliki centralni nepovratni ventil zna\u010di ni\u017ei otpor disanju za korisnika i minimalno nakupljanje vlage unutar maske. Laka, neklizaju\u0107a traka se lako pode\u0161ava u 4 pozicije za pobolj\u0161anu udobnost i omogu\u0107ava sigurnu upotrebu \u010dak i u uslovima visoke vla\u017enosti ili vlage. Elipse\u00ae dolazi u 2 veli\u010dine.<\/p><h3>Svojstva za\u0161tite<\/h3><p>Efikasna protiv pra\u0161ine i para koje sadr\u017ee supstance kao \u0161to su mikroorganizmi, mermer, gips, titanijum dioksid, sapunica, kamena vuna, drvo, deterd\u017eenti, tekstilna vlakna, za\u010dini, so, hrana za \u017eivotinje, itd. \u0160titi od pra\u0161ine koja mo\u017ee izazvati bolesti plu\u0107a. Konkretno, \u0161titi od uglja, silicijuma, pamuka, gvo\u017e\u0111a, grafita, kaolina, cinka, aluminijumske pra\u0161ine. \u0160titi od \u0161tetnih pra\u0161ina kao \u0161to su azbest, boksit, ugalj, silicijum, gvo\u017e\u0111e, kao i od toksi\u010dnih pra\u0161ina kao \u0161to su mangan, olovo i hrom.<\/p><p>Plisirani, zamenljivi P3 filteri imaju minimalnu efikasnost od 99,95% na 0,3 mikrona i otpor disanju od 3 mbar pri protoku od 47,5 l\/min za svaki filter.<\/p><h3>Tip za\u0161tite<\/h3><p>Efikasna protiv pra\u0161ine i para koje sadr\u017ee supstance kao \u0161to su mikroorganizmi, mermer, gips, titanijum dioksid, sapunica, kamena vuna, drvo, deterd\u017eenti, tekstilna vlakna, za\u010dini, so, sto\u010dna hrana itd.<\/p><p>Tako\u0111e efikasna za male koncentracije para\/mirisa.<\/p><p>\u0160titi od pra\u0161ine koja mo\u017ee uzrokovati bolesti plu\u0107a. Konkretno, \u0161titi od uglja, silicijuma, pamuka, gvozdene rude, grafita, kaolina, cinka, aluminijumske pra\u0161ine. \u0160titi od \u0161tetne pra\u0161ine kao \u0161to su azbest, boksit, ugalj, silicijum, gvo\u017e\u0111e i od toksi\u010dne pra\u0161ine kao \u0161to su mangan, olovo i hrom.<\/p><h3>Materijali<\/h3><p>Materijali koji se koriste za maske i filtere su hipoalergeni, bez mirisa, medicinskog kvaliteta i bez lateksa ili silikona.<\/p>\t\t\t\t\t\t\t\t<\/div>\n\t\t\t\t<\/div>\n\t\t\t\t\t<\/div>\n\t\t\t\t<\/div>\n\t\t\t\t<\/div>\n\t\t","protected":false},"excerpt":{"rendered":"<p>Kompaktan, lagan i fleksibilan dizajn koji se savr\u0161eno prilago\u0111ava licu i nudi pun opseg vidljivosti bez ometanja drugih za\u0161titnih sredstava za o\u010di ili u\u0161i koje korisnici moraju nositi.<\/p>\n","protected":false},"featured_media":705,"comment_status":"open","ping_status":"closed","template":"","meta":{"_crdt_document":""},"product_brand":[],"product_cat":[31,57,26],"product_tag":[],"class_list":{"0":"post-725","1":"product","2":"type-product","3":"status-publish","4":"has-post-thumbnail","6":"product_cat-maske","7":"product_cat-polumaske","8":"product_cat-respiratorna-zastita","9":"pa_brend-gvs","10":"pa_tip-zastite-p3","12":"first","13":"instock","14":"taxable","15":"shipping-taxable","16":"purchasable","17":"product-type-variable","18":"has-default-attributes"},"_links":{"self":[{"href":"https:\/\/gosafe.rs\/en\/wp-json\/wp\/v2\/product\/725","targetHints":{"allow":["GET"]}}],"collection":[{"href":"https:\/\/gosafe.rs\/en\/wp-json\/wp\/v2\/product"}],"about":[{"href":"https:\/\/gosafe.rs\/en\/wp-json\/wp\/v2\/types\/product"}],"replies":[{"embeddable":true,"href":"https:\/\/gosafe.rs\/en\/wp-json\/wp\/v2\/comments?post=725"}],"version-history":[{"count":24,"href":"https:\/\/gosafe.rs\/en\/wp-json\/wp\/v2\/product\/725\/revisions"}],"predecessor-version":[{"id":31447,"href":"https:\/\/gosafe.rs\/en\/wp-json\/wp\/v2\/product\/725\/revisions\/31447"}],"wp:featuredmedia":[{"embeddable":true,"href":"https:\/\/gosafe.rs\/en\/wp-json\/wp\/v2\/media\/705"}],"wp:attachment":[{"href":"https:\/\/gosafe.rs\/en\/wp-json\/wp\/v2\/media?parent=725"}],"wp:term":[{"taxonomy":"product_brand","embeddable":true,"href":"https:\/\/gosafe.rs\/en\/wp-json\/wp\/v2\/product_brand?post=725"},{"taxonomy":"product_cat","embeddable":true,"href":"https:\/\/gosafe.rs\/en\/wp-json\/wp\/v2\/product_cat?post=725"},{"taxonomy":"product_tag","embeddable":true,"href":"https:\/\/gosafe.rs\/en\/wp-json\/wp\/v2\/product_tag?post=725"}],"curies":[{"name":"wp","href":"https:\/\/api.w.org\/{rel}","templated":true}]}}