{"id":791,"date":"2024-07-07T19:03:00","date_gmt":"2024-07-07T19:03:00","guid":{"rendered":"https:\/\/gosafe.rs\/?post_type=product&#038;p=791"},"modified":"2025-07-23T12:00:52","modified_gmt":"2025-07-23T11:00:52","slug":"zastitna-maska-gvs-spr514-spr515-elipse-e1-filter","status":"publish","type":"product","link":"https:\/\/gosafe.rs\/en\/proizvod\/zastitna-maska-gvs-spr514-spr515-elipse-e1-filter\/","title":{"rendered":"GVS SPR514 \/ SPR515 Elipse niskoprofilna maska sa E1 filterima za organske gasove i pare do 1000 ppm i pra\u0161inu"},"content":{"rendered":"\t\t<div data-elementor-type=\"product-post\" data-elementor-id=\"791\" class=\"elementor elementor-791\" data-elementor-post-type=\"product\">\n\t\t\t\t<div class=\"wd-negative-gap elementor-element elementor-element-16fa909c e-flex e-con-boxed e-con e-parent\" data-id=\"16fa909c\" data-element_type=\"container\" data-e-type=\"container\">\n\t\t\t\t\t<div class=\"e-con-inner\">\n\t\t\t\t<div class=\"elementor-element elementor-element-27014015 color-scheme-inherit text-left elementor-widget elementor-widget-text-editor\" data-id=\"27014015\" data-element_type=\"widget\" data-e-type=\"widget\" data-widget_type=\"text-editor.default\">\n\t\t\t\t<div class=\"elementor-widget-container\">\n\t\t\t\t\t\t\t\t\t<h3>Opis<\/h3><p>Ulo\u0161ci sa ni\u017eim otporom disanju, pove\u0107anom performansom za gasove i du\u017eim trajanjem upotrebe. Laka za pode\u0161avanje kop\u010da za traku za glavu sa pobolj\u0161anim performansama zadr\u017eavanja. Elipse\u00ae dolazi u 2 veli\u010dine (mala\/srednja i srednja\/velika).<\/p><h3>Tip za\u0161tite<\/h3><p>Organski gasovi i pare sa ta\u010dkom klju\u010danja iznad 65\u00b0C<\/p><p>Neorganski gasovi i pare (isklju\u010duju\u0107i ugljen-monoksid)<\/p><p>Sumpor-dioksid i drugi kiseli gasovi i pare<\/p><p>Amonijak i organski derivati amonijaka<\/p><p>Odre\u0111eni organski gasovi i pare sa ta\u010dkom klju\u010danja \u2264 65\u00b0C. Samo za jednokratnu upotrebu.<\/p><h3>Svojstva<\/h3><p>Gasni ulo\u0161ci sadr\u017ee specifi\u010dne granule aktivnog uglja sa optimizovanim karakteristikama kao \u0161to su veli\u010dina pora, veli\u010dina zrna, nivo aktivnosti, gustina itd., \u0161to pru\u017ea maksimalnu adsorpcionu efikasnost i veoma nizak otpor disanju. Svaki respirator dolazi unapred opremljen sa dva gasna ili kombinovana gasna i \u010desti\u010dna ulo\u0161ka za za\u0161titu od raznih gasova, para, pra\u0161ina i magli. Kada se ulo\u0161ci potro\u0161e, mogu se zameniti novim filterima. Ovi filteri nude svestranu za\u0161titu od supstanci u koncentracijama do 1.000 ppm i od pra\u0161ina i magli do 50 TLV.<\/p><h3>Trajanje<\/h3><p>Filteri se mogu koristiti dok se potpuno ne za\u010depe i\/ili dok korisnik ne oseti nelagodnost ili dok se aktivni ugalj ne potro\u0161i i korisnik ne oseti miris\/ukus kontaminanta. Rok trajanja zavisi od koncentracije u radnom okru\u017eenju i nivoa aktivnosti. Nivo filtracije \u0107e ostati konstantan tokom cele upotrebe. Sve maske dolaze sa aluminijumskom vre\u0107icom sa patentnim zatvara\u010dem za skladi\u0161tenje kako bi se maksimalno produ\u017eio vek trajanja aktivnog uglja. P3 element je dizajniran za du\u017ei vek trajanja sa dvostrukom koli\u010dinom materijala u odnosu na druge asortimane.<\/p><h3>Materijali<\/h3><p>Materijali koji se koriste za maske i filtere su hipoalergeni, bez mirisa, kompatibilni sa FDA standardima i bez lateksa ili silikona.<\/p><p>Medicinski TPE (bez silikona) koji je u skladu sa ISO 10993-10: 2010 za iritacije.<\/p><p>Telo ventila od najlona, dijafragma za udisanje\/izdisanje od silikona.<\/p><p>Podesiva elasti\u010dna traka za glavu i vrat u 4 ta\u010dke sa udobnom podlogom od TPE.<\/p>\t\t\t\t\t\t\t\t<\/div>\n\t\t\t\t<\/div>\n\t\t\t\t\t<\/div>\n\t\t\t\t<\/div>\n\t\t\t\t<\/div>\n\t\t","protected":false},"excerpt":{"rendered":"<p>Kompaktan, lagan i fleksibilan dizajn koji se savr\u0161eno prilago\u0111ava licu i nudi jedinstvenu i inovativnu kombinovanu za\u0161titu, smanjuju\u0107i rizik od nekompatibilnosti, nesukladnosti i nakupljanja magle. Ova maska se preporu\u010duje za za\u0161titu od organskih gasova i para do koncentracije do 1000 ppm, kao i za za\u0161titu od pra\u0161ine u razli\u010ditim industrijskim okru\u017eenjima.<\/p>\n","protected":false},"featured_media":714,"comment_status":"open","ping_status":"closed","template":"","meta":{"_crdt_document":""},"product_brand":[],"product_cat":[31,57,26],"product_tag":[],"class_list":{"0":"post-791","1":"product","2":"type-product","3":"status-publish","4":"has-post-thumbnail","6":"product_cat-maske","7":"product_cat-polumaske","8":"product_cat-respiratorna-zastita","9":"pa_brend-gvs","10":"pa_tip-zastite-e-kiseli-gasovi-i-isparenja","12":"first","13":"instock","14":"taxable","15":"shipping-taxable","16":"purchasable","17":"product-type-variable"},"_links":{"self":[{"href":"https:\/\/gosafe.rs\/en\/wp-json\/wp\/v2\/product\/791","targetHints":{"allow":["GET"]}}],"collection":[{"href":"https:\/\/gosafe.rs\/en\/wp-json\/wp\/v2\/product"}],"about":[{"href":"https:\/\/gosafe.rs\/en\/wp-json\/wp\/v2\/types\/product"}],"replies":[{"embeddable":true,"href":"https:\/\/gosafe.rs\/en\/wp-json\/wp\/v2\/comments?post=791"}],"version-history":[{"count":17,"href":"https:\/\/gosafe.rs\/en\/wp-json\/wp\/v2\/product\/791\/revisions"}],"predecessor-version":[{"id":31461,"href":"https:\/\/gosafe.rs\/en\/wp-json\/wp\/v2\/product\/791\/revisions\/31461"}],"wp:featuredmedia":[{"embeddable":true,"href":"https:\/\/gosafe.rs\/en\/wp-json\/wp\/v2\/media\/714"}],"wp:attachment":[{"href":"https:\/\/gosafe.rs\/en\/wp-json\/wp\/v2\/media?parent=791"}],"wp:term":[{"taxonomy":"product_brand","embeddable":true,"href":"https:\/\/gosafe.rs\/en\/wp-json\/wp\/v2\/product_brand?post=791"},{"taxonomy":"product_cat","embeddable":true,"href":"https:\/\/gosafe.rs\/en\/wp-json\/wp\/v2\/product_cat?post=791"},{"taxonomy":"product_tag","embeddable":true,"href":"https:\/\/gosafe.rs\/en\/wp-json\/wp\/v2\/product_tag?post=791"}],"curies":[{"name":"wp","href":"https:\/\/api.w.org\/{rel}","templated":true}]}}