{"id":825,"date":"2024-07-07T21:22:46","date_gmt":"2024-07-07T21:22:46","guid":{"rendered":"https:\/\/gosafe.rs\/?post_type=product&#038;p=825"},"modified":"2025-08-05T13:15:49","modified_gmt":"2025-08-05T12:15:49","slug":"zastitna-maska-gvs-spr580-spr581-elipse-abe1p3-filter","status":"publish","type":"product","link":"https:\/\/gosafe.rs\/en\/proizvod\/zastitna-maska-gvs-spr580-spr581-elipse-abe1p3-filter\/","title":{"rendered":"GVS SPR580 \/ SPR581 Elipse niskoprofilna maska sa ABE1P3 filterima za organske, neorganske i hemijske gasove i \u010destice"},"content":{"rendered":"\t\t<div data-elementor-type=\"product-post\" data-elementor-id=\"825\" class=\"elementor elementor-825\" data-elementor-post-type=\"product\">\n\t\t\t\t<div class=\"wd-negative-gap elementor-element elementor-element-16fa909c e-flex e-con-boxed e-con e-parent\" data-id=\"16fa909c\" data-element_type=\"container\" data-e-type=\"container\">\n\t\t\t\t\t<div class=\"e-con-inner\">\n\t\t\t\t<div class=\"elementor-element elementor-element-27014015 color-scheme-inherit text-left elementor-widget elementor-widget-text-editor\" data-id=\"27014015\" data-element_type=\"widget\" data-e-type=\"widget\" data-widget_type=\"text-editor.default\">\n\t\t\t\t<div class=\"elementor-widget-container\">\n\t\t\t\t\t\t\t\t\t<h3>Opis<\/h3><p>Veliki centralni nepovratni ventil omogu\u0107ava smanjenje otpora disanju za korisnika i minimalno nakupljanje vlage unutar maske. Laka, neklizaju\u0107a traka se lako pode\u0161ava u 4 pozicije za pobolj\u0161anu udobnost i omogu\u0107ava sigurnu upotrebu \u010dak i u uslovima visoke vla\u017enosti ili vlage. Elipse\u00ae dolazi u 2 veli\u010dine.<\/p><h3>Primena<\/h3><p><strong>ABE1P3<\/strong>: Vi\u0161egasni i rizici od pra\u0161ine (isklju\u010duju\u0107i amonijak), u hemijskoj proizvodnji i okru\u017eenjima za rukovanje hemikalijama.<\/p><h3>Svojstva za\u0161tite<\/h3><p>Gasni ulo\u0161ci sadr\u017ee specifi\u010dne granule aktivnog uglja sa optimizovanim karakteristikama kao \u0161to su veli\u010dina pora, veli\u010dina zrna, nivo aktivnosti, gustina itd., \u0161to pru\u017ea maksimalnu adsorpcionu efikasnost i nizak otpor disanju. Svaki respirator dolazi unapred opremljen sa dva filtera za gasne ulo\u0161ke za za\u0161titu od raznih gasova, para, pra\u0161ina i magli. Kada se ulo\u0161ci potro\u0161e, mogu se zameniti novim filterima. Ovi filteri nude svestranu za\u0161titu od supstanci u koncentracijama do 1.000 ppm i od pra\u0161ina i magli do 50 TLV.<\/p><h3>Trajanje<\/h3><p>Filteri se mogu koristiti dok se potpuno ne za\u010depe i\/ili dok korisnik ne oseti nelagodnost ili dok se aktivni ugalj ne potro\u0161i i korisnik ne oseti miris\/ukus kontaminanta. Rok trajanja zavisi od koncentracije u radnom okru\u017eenju i nivoa aktivnosti. Nivo filtracije \u0107e ostati konstantan tokom cele upotrebe. Sve maske dolaze sa aluminijumskom vre\u0107icom sa patentnim zatvara\u010dem za skladi\u0161tenje kako bi se maksimalno produ\u017eio vek trajanja aktivnog uglja. Vek trajanja \u010destica mo\u017ee se pove\u0107ati kori\u0161\u0107enjem na\u0161ih predfilter kompleta u nastavku.<\/p><h3>Materijal<\/h3><p>Materijali koji se koriste za maske i filtere su hipoalergeni, bez mirisa, kompatibilni sa FDA standardima i bez lateksa ili silikona.<\/p><p>Maska: Medicinski TPE (bez silikona).<br \/>Filteri: Aktivni ugalj sa ABS \u0161koljkom.<\/p>\t\t\t\t\t\t\t\t<\/div>\n\t\t\t\t<\/div>\n\t\t\t\t\t<\/div>\n\t\t\t\t<\/div>\n\t\t\t\t<\/div>\n\t\t","protected":false},"excerpt":{"rendered":"<p>Kompaktan, lagan i fleksibilan dizajn koji se savr\u0161eno prilago\u0111ava licu i nudi pun opseg vidljivosti bez ometanja drugih za\u0161titnih sredstava za o\u010di ili u\u0161i koje korisnici odaberu da nose.<\/p>\n","protected":false},"featured_media":720,"comment_status":"open","ping_status":"closed","template":"","meta":{"_crdt_document":""},"product_brand":[],"product_cat":[31,57,26],"product_tag":[],"class_list":{"0":"post-825","1":"product","2":"type-product","3":"status-publish","4":"has-post-thumbnail","6":"product_cat-maske","7":"product_cat-polumaske","8":"product_cat-respiratorna-zastita","9":"pa_brend-gvs","10":"pa_tip-zastite-a-organski-gasovi-i-isparenja","11":"pa_tip-zastite-b-neorganski-gasovi-i-isparenja","12":"pa_tip-zastite-e-kiseli-gasovi-i-isparenja","13":"pa_tip-zastite-p3","15":"first","16":"instock","17":"taxable","18":"shipping-taxable","19":"purchasable","20":"product-type-variable"},"_links":{"self":[{"href":"https:\/\/gosafe.rs\/en\/wp-json\/wp\/v2\/product\/825","targetHints":{"allow":["GET"]}}],"collection":[{"href":"https:\/\/gosafe.rs\/en\/wp-json\/wp\/v2\/product"}],"about":[{"href":"https:\/\/gosafe.rs\/en\/wp-json\/wp\/v2\/types\/product"}],"replies":[{"embeddable":true,"href":"https:\/\/gosafe.rs\/en\/wp-json\/wp\/v2\/comments?post=825"}],"version-history":[{"count":61,"href":"https:\/\/gosafe.rs\/en\/wp-json\/wp\/v2\/product\/825\/revisions"}],"predecessor-version":[{"id":31750,"href":"https:\/\/gosafe.rs\/en\/wp-json\/wp\/v2\/product\/825\/revisions\/31750"}],"wp:featuredmedia":[{"embeddable":true,"href":"https:\/\/gosafe.rs\/en\/wp-json\/wp\/v2\/media\/720"}],"wp:attachment":[{"href":"https:\/\/gosafe.rs\/en\/wp-json\/wp\/v2\/media?parent=825"}],"wp:term":[{"taxonomy":"product_brand","embeddable":true,"href":"https:\/\/gosafe.rs\/en\/wp-json\/wp\/v2\/product_brand?post=825"},{"taxonomy":"product_cat","embeddable":true,"href":"https:\/\/gosafe.rs\/en\/wp-json\/wp\/v2\/product_cat?post=825"},{"taxonomy":"product_tag","embeddable":true,"href":"https:\/\/gosafe.rs\/en\/wp-json\/wp\/v2\/product_tag?post=825"}],"curies":[{"name":"wp","href":"https:\/\/api.w.org\/{rel}","templated":true}]}}