{"id":837,"date":"2024-07-07T21:27:15","date_gmt":"2024-07-07T21:27:15","guid":{"rendered":"https:\/\/gosafe.rs\/?post_type=product&#038;p=837"},"modified":"2026-03-23T11:46:26","modified_gmt":"2026-03-23T10:46:26","slug":"zastitna-maska-gvs-spr583-spr584-elipse-abe1p3-filter","status":"publish","type":"product","link":"https:\/\/gosafe.rs\/en\/proizvod\/zastitna-maska-gvs-spr583-spr584-elipse-abe1p3-filter\/","title":{"rendered":"GVS SPR583 \/ SPR584 Elipse Integra maska sa ABE1P3 filterima za organske, neorganske i hemijske gasove i pra\u0161inu"},"content":{"rendered":"\t\t<div data-elementor-type=\"product-post\" data-elementor-id=\"837\" class=\"elementor elementor-837\" data-elementor-post-type=\"product\">\n\t\t\t\t<div class=\"wd-negative-gap elementor-element elementor-element-16fa909c e-flex e-con-boxed e-con e-parent\" data-id=\"16fa909c\" data-element_type=\"container\" data-e-type=\"container\">\n\t\t\t\t\t<div class=\"e-con-inner\">\n\t\t\t\t<div class=\"elementor-element elementor-element-27014015 color-scheme-inherit text-left elementor-widget elementor-widget-text-editor\" data-id=\"27014015\" data-element_type=\"widget\" data-e-type=\"widget\" data-widget_type=\"text-editor.default\">\n\t\t\t\t<div class=\"elementor-widget-container\">\n\t\t\t\t\t\t\t\t\t<h3>Opis<\/h3><p>Polumaska <strong>Integra ABE1P3<\/strong> dizajnirana je za vi\u0161ekratnu upotrebu i omogu\u0107ava za\u0161titu od razli\u010ditih gasova, isparenja i pra\u0161ine. Zahvaljuju\u0107i visokokvalitetnim filterima i kompaktnom dizajnu, pru\u017ea sigurnu za\u0161titu za profesionalnu upotrebu.<\/p><h3>Primena<\/h3><p>Maska je idealna za za\u0161titu od:<\/p><ul><li>Univerzalnih gasova, pra\u0161ine, magle i dimova<\/li><li>Organskih gasova i isparenja sa ta\u010dkom klju\u010danja iznad 65\u00b0C<\/li><li>Neorganskih gasova i isparenja (isklju\u010duju\u0107i ugljen-monoksid)<\/li><li>Sumpor-dioksida i drugih kiselih gasova i isparenja<\/li><\/ul><h3>Svojstva<\/h3><ul><li><strong>Efikasnost P3<\/strong>: &gt;99,95% za \u010destice veli\u010dine 0,3 \u03bcm pri 1000 ppm<\/li><li><strong>Dugotrajnost filtera<\/strong>: Testirani za efikasnost pri razli\u010ditim gasovima, kao \u0161to su Cikloheksan (70 minuta), Hlor (20 minuta), Vodonik-sulfid (40 minuta), Vodonik-cijanid (25 minuta), Sumpor-dioksid (20 minuta)<\/li><li><strong>Struktura filtera<\/strong>: Naborani filteri omogu\u0107avaju potpunu upotrebu aktivnog uglja, dok fleksibilan dizajn omogu\u0107ava difuziju vazduha<\/li><\/ul><h3>Trajanje<\/h3><p><strong>Rok trajanja<\/strong> maske i filtera je 5 godina, uz obavezno po\u0161tovanje uslova \u010duvanja u skladu sa Uputstvom za upotrebu. Filteri su vi\u0161ekratni i lako se menjaju.<\/p><h3>Materijali<\/h3><p><strong>Maska<\/strong>: Medicinski TPE, bez lateksa i silikona, bez mirisa; uskla\u0111ena sa ISO 10993-10: 2010 za iritacije. Sadr\u017ei podesivi elasti\u010dni kai\u0161 sa 4 ta\u010dke sa TPE jastu\u010di\u0107em za udobnost.<\/p><p><strong>Gasni filteri<\/strong>: Aktivni ugalj zatvoren u ABS ku\u0107i\u0161te.<\/p><p><strong>Partikulacioni filteri<\/strong>: Vi\u0161eslojni HESPA sinteti\u010dki medijum sa fleksibilnim TPE kapsulom.<\/p><p><strong>Za\u0161titne nao\u010dare<\/strong>: Polikarbonat sa protokom premazom, pri\u010dvr\u0161\u0107ene za telo maske ner\u0111aju\u0107im \u010deli\u010dnim kop\u010dama.<\/p>\t\t\t\t\t\t\t\t<\/div>\n\t\t\t\t<\/div>\n\t\t\t\t\t<\/div>\n\t\t\t\t<\/div>\n\t\t\t\t<\/div>\n\t\t","protected":false},"excerpt":{"rendered":"<p>Kompaktan, lagan i fleksibilan dizajn koji se savr\u0161eno prilago\u0111ava licu i nudi pun opseg vidljivosti bez ometanja drugih za\u0161titnih sredstava za o\u010di ili u\u0161i koje korisnici odaberu da nose.<\/p>\n","protected":false},"featured_media":722,"comment_status":"open","ping_status":"closed","template":"","meta":{"_crdt_document":""},"product_brand":[],"product_cat":[58,31,26],"product_tag":[],"class_list":{"0":"post-837","1":"product","2":"type-product","3":"status-publish","4":"has-post-thumbnail","6":"product_cat-maska-sa-integrisanim-zastitnim-naocarima","7":"product_cat-maske","8":"product_cat-respiratorna-zastita","9":"pa_brend-gvs","10":"pa_dimenzije-filtera-485-x-945-x-6-cm","11":"pa_rok-trajanja-filtera-3-godine","12":"pa_tip-zastite-a-organski-gasovi-i-isparenja","13":"pa_tip-zastite-b-neorganski-gasovi-i-isparenja","14":"pa_tip-zastite-e-kiseli-gasovi-i-isparenja","15":"pa_tip-zastite-p3","17":"first","18":"instock","19":"taxable","20":"shipping-taxable","21":"purchasable","22":"product-type-variable"},"_links":{"self":[{"href":"https:\/\/gosafe.rs\/en\/wp-json\/wp\/v2\/product\/837","targetHints":{"allow":["GET"]}}],"collection":[{"href":"https:\/\/gosafe.rs\/en\/wp-json\/wp\/v2\/product"}],"about":[{"href":"https:\/\/gosafe.rs\/en\/wp-json\/wp\/v2\/types\/product"}],"replies":[{"embeddable":true,"href":"https:\/\/gosafe.rs\/en\/wp-json\/wp\/v2\/comments?post=837"}],"version-history":[{"count":9,"href":"https:\/\/gosafe.rs\/en\/wp-json\/wp\/v2\/product\/837\/revisions"}],"predecessor-version":[{"id":31756,"href":"https:\/\/gosafe.rs\/en\/wp-json\/wp\/v2\/product\/837\/revisions\/31756"}],"wp:featuredmedia":[{"embeddable":true,"href":"https:\/\/gosafe.rs\/en\/wp-json\/wp\/v2\/media\/722"}],"wp:attachment":[{"href":"https:\/\/gosafe.rs\/en\/wp-json\/wp\/v2\/media?parent=837"}],"wp:term":[{"taxonomy":"product_brand","embeddable":true,"href":"https:\/\/gosafe.rs\/en\/wp-json\/wp\/v2\/product_brand?post=837"},{"taxonomy":"product_cat","embeddable":true,"href":"https:\/\/gosafe.rs\/en\/wp-json\/wp\/v2\/product_cat?post=837"},{"taxonomy":"product_tag","embeddable":true,"href":"https:\/\/gosafe.rs\/en\/wp-json\/wp\/v2\/product_tag?post=837"}],"curies":[{"name":"wp","href":"https:\/\/api.w.org\/{rel}","templated":true}]}}