{"id":839,"date":"2024-07-07T21:27:38","date_gmt":"2024-07-07T21:27:38","guid":{"rendered":"https:\/\/gosafe.rs\/?post_type=product&#038;p=839"},"modified":"2025-07-23T10:21:05","modified_gmt":"2025-07-23T09:21:05","slug":"zastitna-maska-gvs-spr649-spr650-elipse-p3-filter","status":"publish","type":"product","link":"https:\/\/gosafe.rs\/en\/proizvod\/zastitna-maska-gvs-spr649-spr650-elipse-p3-filter\/","title":{"rendered":"GVS SPR649 \/ SPR650 Elipse Source Control za\u0161titna maska &#8211; P3 filter za pra\u0161inu, paru i maglu"},"content":{"rendered":"\t\t<div data-elementor-type=\"product-post\" data-elementor-id=\"839\" class=\"elementor elementor-839\" data-elementor-post-type=\"product\">\n\t\t\t\t<div class=\"wd-negative-gap elementor-element elementor-element-16fa909c e-flex e-con-boxed e-con e-parent\" data-id=\"16fa909c\" data-element_type=\"container\" data-e-type=\"container\">\n\t\t\t\t\t<div class=\"e-con-inner\">\n\t\t\t\t<div class=\"elementor-element elementor-element-27014015 color-scheme-inherit text-left elementor-widget elementor-widget-text-editor\" data-id=\"27014015\" data-element_type=\"widget\" data-e-type=\"widget\" data-widget_type=\"text-editor.default\">\n\t\t\t\t<div class=\"elementor-widget-container\">\n\t\t\t\t\t\t\t\t\t<h3>Opis<\/h3><p>Izra\u0111ena od udobnog TPE-a i sa elasti\u010dnom trakom za glavu i vrat, ova maska je pogodna za dugotrajno no\u0161enje sa smanjenim rizikom od umora korisnika. Exhalation Filter Source Control smanjuje rizik od unakrsne kontaminacije za osobe u blizini korisnika. U su\u0161tini, izdahnuti vazduh prolazi kroz ventil i filter sa efikasno\u0161\u0107u bakterijske filtracije od 99,9%. Otpor disanju ostaje vrlo nizak zahvaljuju\u0107i velikoj povr\u0161ini filtera.<\/p><h3>Tip za\u0161tite<\/h3><p>Zdravstvena za\u0161tita<\/p><p>Prehrambena industrija<\/p><p>Farmaceutska industrija<\/p><p>Hitne slu\u017ebe<\/p><h3>Svojstva<\/h3><p>Postoje tri klase filtera za lice: P1, P2 i P3. Elipse P3 spada u najvi\u0161u klasu za masku, P3. Da bi se postigla ova klasifikacija, vr\u0161e se testovi na maski kako bi se izmerila njena efikasnost filtracije i maksimalni nivo unutra\u0161njeg curenja. Maska je tako\u0111e podvrgnuta testovima otpornosti na disanje i kompatibilnosti sa ko\u017eom. Sve Elipse maske su CE ozna\u010dene i uskla\u0111ene sa regulativom za li\u010dnu za\u0161titnu opremu (EU) 2016\/425 i UKCA.<\/p><h3>Trajanje<\/h3><p>Filteri se mogu koristiti dok se potpuno ne za\u010depe i\/ili dok korisnik ne oseti nelagodnost ili dok se aktivni ugalj ne potro\u0161i i korisnik ne oseti miris\/ukus kontaminanta. Rok trajanja zavisi od koncentracije u radnom okru\u017eenju i nivoa aktivnosti. Nivo filtracije \u0107e ostati konstantan tokom cele upotrebe. Sve maske dolaze sa aluminijumskom vre\u0107icom sa patentnim zatvara\u010dem za skladi\u0161tenje kako bi se maksimalno produ\u017eio vek trajanja aktivnog uglja. P3 element je dizajniran za du\u017ei vek trajanja sa dvostrukom koli\u010dinom materijala u odnosu na druge asortimane.<\/p><h3>Materijali<\/h3><p>Materijali su hipoalergeni, bez mirisa, kompatibilni sa FDA standardima i bez lateksa ili silikona.<\/p><p>Gasni filteri: aktivni ugalj zatvoren u ABS \u0161koljku.<\/p><p>Filteri za \u010destice: mehani\u010dki tip sa vi\u0161eslojnim HESPA sinteti\u010dkim medijumom sa fleksibilnim TPE premazom\/inkapsulacijom.<\/p><p>Filteri za \u010destice su integrisani sa elementom uglja koji se mo\u017ee zameniti.<\/p>\t\t\t\t\t\t\t\t<\/div>\n\t\t\t\t<\/div>\n\t\t\t\t\t<\/div>\n\t\t\t\t<\/div>\n\t\t\t\t<\/div>\n\t\t","protected":false},"excerpt":{"rendered":"<p>Kompaktna i lagana, GVS Elipse P3 Source Control respiratorna maska je idealna za svakodnevnu upotrebu za za\u0161titu disajnih puteva od mikroorganizama i virusa do veli\u010dine od 0,3\u00b5. Izra\u0111ena od udobnog TPE-a i sa elasti\u010dnom trakom za glavu i vrat, ova maska je pogodna za dugotrajno no\u0161enje sa smanjenim rizikom od umora korisnika.<\/p>\n","protected":false},"featured_media":723,"comment_status":"open","ping_status":"closed","template":"","meta":{"_crdt_document":""},"product_brand":[],"product_cat":[31,57,26],"product_tag":[],"class_list":{"0":"post-839","1":"product","2":"type-product","3":"status-publish","4":"has-post-thumbnail","6":"product_cat-maske","7":"product_cat-polumaske","8":"product_cat-respiratorna-zastita","9":"pa_brend-gvs","10":"pa_dimenzije-filtera-12-x-94-x-5-cm","11":"pa_rok-trajanja-maske-5-godina","12":"pa_testiranje-100-filtera-se-testira-na-efikasnost-sa-nacl-kako-bi-se-osigurao-najvisi-nivo-performansi-i-kvaliteta","13":"pa_tip-zastite-p3","15":"first","16":"instock","17":"taxable","18":"shipping-taxable","19":"purchasable","20":"product-type-variable"},"_links":{"self":[{"href":"https:\/\/gosafe.rs\/en\/wp-json\/wp\/v2\/product\/839","targetHints":{"allow":["GET"]}}],"collection":[{"href":"https:\/\/gosafe.rs\/en\/wp-json\/wp\/v2\/product"}],"about":[{"href":"https:\/\/gosafe.rs\/en\/wp-json\/wp\/v2\/types\/product"}],"replies":[{"embeddable":true,"href":"https:\/\/gosafe.rs\/en\/wp-json\/wp\/v2\/comments?post=839"}],"version-history":[{"count":15,"href":"https:\/\/gosafe.rs\/en\/wp-json\/wp\/v2\/product\/839\/revisions"}],"predecessor-version":[{"id":31456,"href":"https:\/\/gosafe.rs\/en\/wp-json\/wp\/v2\/product\/839\/revisions\/31456"}],"wp:featuredmedia":[{"embeddable":true,"href":"https:\/\/gosafe.rs\/en\/wp-json\/wp\/v2\/media\/723"}],"wp:attachment":[{"href":"https:\/\/gosafe.rs\/en\/wp-json\/wp\/v2\/media?parent=839"}],"wp:term":[{"taxonomy":"product_brand","embeddable":true,"href":"https:\/\/gosafe.rs\/en\/wp-json\/wp\/v2\/product_brand?post=839"},{"taxonomy":"product_cat","embeddable":true,"href":"https:\/\/gosafe.rs\/en\/wp-json\/wp\/v2\/product_cat?post=839"},{"taxonomy":"product_tag","embeddable":true,"href":"https:\/\/gosafe.rs\/en\/wp-json\/wp\/v2\/product_tag?post=839"}],"curies":[{"name":"wp","href":"https:\/\/api.w.org\/{rel}","templated":true}]}}