{"id":853,"date":"2024-07-07T21:39:42","date_gmt":"2024-07-07T21:39:42","guid":{"rendered":"https:\/\/gosafe.rs\/?post_type=product&#038;p=853"},"modified":"2025-06-17T20:15:35","modified_gmt":"2025-06-17T19:15:35","slug":"gvs-spr535-elipse-integra-maska-sa-abek1p3-filterima-za-visestruke-gasove-pare-i-prasinu-m-l","status":"publish","type":"product","link":"https:\/\/gosafe.rs\/en\/proizvod\/gvs-spr535-elipse-integra-maska-sa-abek1p3-filterima-za-visestruke-gasove-pare-i-prasinu-m-l\/","title":{"rendered":"GVS Elipse Integra maska sa vizirom i ABEK1P3 filterima za vi\u0161estruke gasove, pare, pra\u0161inu i \u010destice"},"content":{"rendered":"\t\t<div data-elementor-type=\"product-post\" data-elementor-id=\"853\" class=\"elementor elementor-853\" data-elementor-post-type=\"product\">\n\t\t\t\t<div class=\"wd-negative-gap elementor-element elementor-element-16fa909c e-flex e-con-boxed e-con e-parent\" data-id=\"16fa909c\" data-element_type=\"container\" data-e-type=\"container\">\n\t\t\t\t\t<div class=\"e-con-inner\">\n\t\t\t\t<div class=\"elementor-element elementor-element-27014015 color-scheme-inherit text-left elementor-widget elementor-widget-text-editor\" data-id=\"27014015\" data-element_type=\"widget\" data-e-type=\"widget\" data-widget_type=\"text-editor.default\">\n\t\t\t\t<div class=\"elementor-widget-container\">\n\t\t\t\t\t\t\t\t\t<h3>Opis<\/h3><p>Veliki centralni nepovratni ventil za izdah smanjuje otpor disanju za korisnika i minimizira nakupljanje vlage unutar maske. Laka, neklizaju\u0107a traka se lako pode\u0161ava u 4 pozicije za pobolj\u0161anu udobnost i omogu\u0107ava sigurnu upotrebu \u010dak i u uslovima visoke vla\u017enosti ili vlage.<\/p><h3>Primena<\/h3><p>Rudarska industrija, \u010deli\u010dane i livnice<\/p><p>Staklo, keramika, hemikalije<\/p><p>Farbanje, rastvara\u010di u automobilskoj industriji i brodogradili\u0161tima ili pri popravkama<\/p><p>Te\u0161ki metali (olovo, nikl, hrom), \u017eelezni\u010dka industrija<\/p><p>Amonijak i organski derivati amonijaka<\/p><p>Poljoprivreda (hemijsko prskanje)<\/p><h3>Svojstva<\/h3><p>Ova maska se preporu\u010duje za organske, neorganske, hemijske, amonija\u010dne gasove i pra\u0161inu u industrijskim primenama. Gasni filteri sadr\u017ee granule aktivnog uglja sa specijalnim karakteristikama u vezi veli\u010dine pora, veli\u010dine zrna, nivoa aktivacije, gustine itd. Ove karakteristike garantuju visoke performanse apsorpcije i nizak otpor disanju. Svaka maska je opremljena sa dva filtera za za\u0161titu od gasova, para i pra\u0161ine. Kada se filteri istro\u0161e, mogu se zameniti rezervnim filterima. So\u010divo je izra\u0111eno od polikarbonata i mo\u017ee izdr\u017eati udarce brzine do 120 m\/s. Ovi filteri nude svestranu za\u0161titu od supstanci u koncentracijama do 5.000 ppm i od pra\u0161ina i magli do 50 TLV. Naneta prevlaka zadovoljava (N) Anti Fog i nadma\u0161uje standardnu (K) protiv ogrebotina dostupnu na tr\u017ei\u0161tu za du\u017eu trajnost. Elipse Integra je kompatibilna sa trenutnim asortimanom Elipse filtera.<\/p><h3>Trajanje<\/h3><p>Filteri se mogu koristiti dok se potpuno ne za\u010depe i\/ili dok korisnik ne oseti nelagodnost ili dok se aktivni ugalj ne potro\u0161i i korisnik ne oseti miris\/ukus kontaminanta. Rok trajanja zavisi od koncentracije u radnom okru\u017eenju i nivoa aktivnosti. Nivo filtracije \u0107e ostati konstantan tokom cele upotrebe. Sve maske dolaze sa aluminijumskom vre\u0107icom sa patentnim zatvara\u010dem za skladi\u0161tenje kako bi se maksimalno produ\u017eio vek trajanja aktivnog uglja. P3 element je dizajniran za du\u017ei vek trajanja sa dvostrukom koli\u010dinom materijala u odnosu na druge asortimane.<\/p><h3>Materijali<\/h3><p>Materijali koji se koriste za maske i filtere su hipoalergeni, bez mirisa, kompatibilni sa FDA standardima i bez lateksa ili silikona.<\/p><p>Maska: Medicinski TPE (bez silikona).<\/p><p>Filteri: Aktivni ugalj sa ABS \u0161koljkom.<\/p><p>Mehani\u010dki tip HESPA\u2122 sinteti\u010dki medijum sa TPE premazom\/inkapsulacijom (za kombinovane filtere sa P3 za\u0161titom).<\/p>\t\t\t\t\t\t\t\t<\/div>\n\t\t\t\t<\/div>\n\t\t\t\t\t<\/div>\n\t\t\t\t<\/div>\n\t\t\t\t<\/div>\n\t\t","protected":false},"excerpt":{"rendered":"<p data-start=\"167\" data-end=\"553\"><strong data-start=\"189\" data-end=\"227\">Elipse Integra\u00ae ABEK1P3 respirator<\/strong> je <strong data-start=\"231\" data-end=\"283\">kompaktno, lagano i fleksibilno za\u0161titno re\u0161enje<\/strong>, idealno za profesionalce koji zahtevaju <strong data-start=\"325\" data-end=\"374\">kombinovanu za\u0161titu od gasova, para i \u010destica<\/strong> u zahtevnim uslovima rada. Zahvaljuju\u0107i ergonomskom dizajnu, savr\u0161eno se prilago\u0111ava obliku lica, smanjuju\u0107i rizik od <strong data-start=\"493\" data-end=\"546\">nekompatibilnosti, neuskla\u0111enosti i zamagljivanja<\/strong> maske.<\/p>\n<p data-start=\"555\" data-end=\"693\">Ugra\u0111eni <strong data-start=\"564\" data-end=\"610\">veliki centralni nepovratni izduvni ventil<\/strong> efikasno smanjuje <strong data-start=\"629\" data-end=\"650\">otpor pri disanju<\/strong> i spre\u010dava nakupljanje vlage unutar maske.<\/p>\n","protected":false},"featured_media":724,"comment_status":"open","ping_status":"closed","template":"","meta":{"_crdt_document":""},"product_brand":[],"product_cat":[58,31,26],"product_tag":[],"class_list":{"0":"post-853","1":"product","2":"type-product","3":"status-publish","4":"has-post-thumbnail","6":"product_cat-maska-sa-integrisanim-zastitnim-naocarima","7":"product_cat-maske","8":"product_cat-respiratorna-zastita","9":"pa_brend-gvs","10":"pa_rok-trajanja-filtera-3-godine","11":"pa_testiranje-100-filtera-se-testira-na-efikasnost-sa-nacl-kako-bi-se-osigurao-najvisi-nivo-performansi-i-kvaliteta","12":"pa_tip-zastite-a-organski-gasovi-i-isparenja","13":"pa_tip-zastite-b-neorganski-gasovi-i-isparenja","14":"pa_tip-zastite-e-kiseli-gasovi-i-isparenja","15":"pa_tip-zastite-k-amonijak","16":"pa_tip-zastite-p3","18":"first","19":"instock","20":"taxable","21":"shipping-taxable","22":"purchasable","23":"product-type-variable"},"_links":{"self":[{"href":"https:\/\/gosafe.rs\/en\/wp-json\/wp\/v2\/product\/853","targetHints":{"allow":["GET"]}}],"collection":[{"href":"https:\/\/gosafe.rs\/en\/wp-json\/wp\/v2\/product"}],"about":[{"href":"https:\/\/gosafe.rs\/en\/wp-json\/wp\/v2\/types\/product"}],"replies":[{"embeddable":true,"href":"https:\/\/gosafe.rs\/en\/wp-json\/wp\/v2\/comments?post=853"}],"version-history":[{"count":20,"href":"https:\/\/gosafe.rs\/en\/wp-json\/wp\/v2\/product\/853\/revisions"}],"predecessor-version":[{"id":30918,"href":"https:\/\/gosafe.rs\/en\/wp-json\/wp\/v2\/product\/853\/revisions\/30918"}],"wp:featuredmedia":[{"embeddable":true,"href":"https:\/\/gosafe.rs\/en\/wp-json\/wp\/v2\/media\/724"}],"wp:attachment":[{"href":"https:\/\/gosafe.rs\/en\/wp-json\/wp\/v2\/media?parent=853"}],"wp:term":[{"taxonomy":"product_brand","embeddable":true,"href":"https:\/\/gosafe.rs\/en\/wp-json\/wp\/v2\/product_brand?post=853"},{"taxonomy":"product_cat","embeddable":true,"href":"https:\/\/gosafe.rs\/en\/wp-json\/wp\/v2\/product_cat?post=853"},{"taxonomy":"product_tag","embeddable":true,"href":"https:\/\/gosafe.rs\/en\/wp-json\/wp\/v2\/product_tag?post=853"}],"curies":[{"name":"wp","href":"https:\/\/api.w.org\/{rel}","templated":true}]}}