{"id":868,"date":"2024-07-07T21:43:55","date_gmt":"2024-07-07T21:43:55","guid":{"rendered":"https:\/\/gosafe.rs\/?post_type=product&#038;p=868"},"modified":"2025-05-24T13:17:37","modified_gmt":"2025-05-24T12:17:37","slug":"gvs-spr489-par-abek1-filtera-za-visestruke-gasove-i-pare","status":"publish","type":"product","link":"https:\/\/gosafe.rs\/en\/proizvod\/gvs-spr489-par-abek1-filtera-za-visestruke-gasove-i-pare\/","title":{"rendered":"GVS SPR489 par ABEK1 filtera za vi\u0161estruke gasove i pare"},"content":{"rendered":"\t\t<div data-elementor-type=\"product-post\" data-elementor-id=\"868\" class=\"elementor elementor-868\" data-elementor-post-type=\"product\">\n\t\t\t\t<div class=\"wd-negative-gap elementor-element elementor-element-16fa909c e-flex e-con-boxed e-con e-parent\" data-id=\"16fa909c\" data-element_type=\"container\" data-e-type=\"container\">\n\t\t\t\t\t<div class=\"e-con-inner\">\n\t\t\t\t<div class=\"elementor-element elementor-element-27014015 color-scheme-inherit text-left elementor-widget elementor-widget-text-editor\" data-id=\"27014015\" data-element_type=\"widget\" data-e-type=\"widget\" data-widget_type=\"text-editor.default\">\n\t\t\t\t<div class=\"elementor-widget-container\">\n\t\t\t\t\t\t\t\t\t<p>Gasni ulo\u0161ci sadr\u017ee specifi\u010dne granule aktivnog uglja sa optimizovanim karakteristikama kao \u0161to su veli\u010dina pora, veli\u010dina zrna, nivo aktivnosti i gustina, \u0161to obezbe\u0111uje maksimalnu adsorpcionu efikasnost i veoma nizak otpor disanju.<\/p><p>Filteri su dizajnirani sa aktivnim ugljem unutar ABS \u0161koljke i visokoeffikasnim sinteti\u010dkim filterom za \u010destice (HESPA) oblo\u017eenim TPE materijalom, \u0161to omogu\u0107ava optimalnu adsorpciju i minimalni otpor disanju.<\/p><h3>Tip za\u0161tite<\/h3><p>Organski gasovi i pare sa ta\u010dkom klju\u010danja iznad 65\u00b0C.\u00a0<\/p><p>Neorganski gasovi i pare (isklju\u010duju\u0107i ugljen-monoksid).<\/p><p>Sumpor-dioksid i drugi kiseli gasovi i pare.<\/p><p>Amonijak i organski derivati amonijaka.<\/p><p><strong>Za vi\u0161estruke gasove i pare<\/strong>: Idealni za za\u0161titu od \u0161irokog spektra gasova i para u industrijskim aplikacijama.<\/p><p><strong>Gasovi na bazi amonijaka<\/strong>: Efikasna za\u0161tita u okru\u017eenjima sa prisustvom amonijaka i njegovih derivata.<\/p><p><strong>Rudarska industrija, \u010deli\u010dane i livnice<\/strong>: Pru\u017ea efikasnu za\u0161titu u radnim uslovima gde je prisutna kombinacija \u0161tetnih gasova.<\/p><p><strong>Te\u0161ki metali (olovo, nikl, hrom), \u017eelezni\u010dki sektor<\/strong>: Za\u0161tita od izlo\u017eenosti te\u0161kim metalima i njihovim parama.<\/p><p><strong>Amonijak i organski derivati amonijaka<\/strong>: Efikasna za\u0161tita od izlaganja amonijaku i njegovim derivatima.<\/p><p><strong>Poljoprivreda (hemijsko prskanje)<\/strong>: Pru\u017ea za\u0161titu prilikom upotrebe pesticida i drugih hemikalija u poljoprivredi.<\/p>\t\t\t\t\t\t\t\t<\/div>\n\t\t\t\t<\/div>\n\t\t\t\t\t<\/div>\n\t\t\t\t<\/div>\n\t\t\t\t<\/div>\n\t\t","protected":false},"excerpt":{"rendered":"<p>ABEK1 filteri su visokokvalitetni filteri namenjeni za za\u0161titu od organskih, neorganskih, hemijskih i gasova na bazi amonijaka u industrijskim aplikacijama. Ovi filteri koriste specifi\u010dne granule aktivnog uglja sa optimizovanim karakteristikama kao \u0161to su veli\u010dina pora, veli\u010dina zrna, nivo aktivnosti i gustina, \u0161to obezbe\u0111uje maksimalnu adsorpcionu efikasnost i veoma nizak otpor disanju.<\/p>\n","protected":false},"featured_media":707,"comment_status":"open","ping_status":"closed","template":"","meta":{"_crdt_document":""},"product_brand":[],"product_cat":[27,26],"product_tag":[],"class_list":{"0":"post-868","1":"product","2":"type-product","3":"status-publish","4":"has-post-thumbnail","6":"product_cat-filteri","7":"product_cat-respiratorna-zastita","8":"pa_brend-gvs","9":"pa_rok-trajanja-filtera-5-godina","10":"pa_tip-zastite-a-organski-gasovi-i-isparenja","11":"pa_tip-zastite-b-neorganski-gasovi-i-isparenja","12":"pa_tip-zastite-e-kiseli-gasovi-i-isparenja","13":"pa_tip-zastite-k-amonijak","15":"first","16":"instock","17":"taxable","18":"shipping-taxable","19":"purchasable","20":"product-type-simple"},"_links":{"self":[{"href":"https:\/\/gosafe.rs\/en\/wp-json\/wp\/v2\/product\/868","targetHints":{"allow":["GET"]}}],"collection":[{"href":"https:\/\/gosafe.rs\/en\/wp-json\/wp\/v2\/product"}],"about":[{"href":"https:\/\/gosafe.rs\/en\/wp-json\/wp\/v2\/types\/product"}],"replies":[{"embeddable":true,"href":"https:\/\/gosafe.rs\/en\/wp-json\/wp\/v2\/comments?post=868"}],"version-history":[{"count":16,"href":"https:\/\/gosafe.rs\/en\/wp-json\/wp\/v2\/product\/868\/revisions"}],"predecessor-version":[{"id":1491,"href":"https:\/\/gosafe.rs\/en\/wp-json\/wp\/v2\/product\/868\/revisions\/1491"}],"wp:featuredmedia":[{"embeddable":true,"href":"https:\/\/gosafe.rs\/en\/wp-json\/wp\/v2\/media\/707"}],"wp:attachment":[{"href":"https:\/\/gosafe.rs\/en\/wp-json\/wp\/v2\/media?parent=868"}],"wp:term":[{"taxonomy":"product_brand","embeddable":true,"href":"https:\/\/gosafe.rs\/en\/wp-json\/wp\/v2\/product_brand?post=868"},{"taxonomy":"product_cat","embeddable":true,"href":"https:\/\/gosafe.rs\/en\/wp-json\/wp\/v2\/product_cat?post=868"},{"taxonomy":"product_tag","embeddable":true,"href":"https:\/\/gosafe.rs\/en\/wp-json\/wp\/v2\/product_tag?post=868"}],"curies":[{"name":"wp","href":"https:\/\/api.w.org\/{rel}","templated":true}]}}